{"id":6,"date":"2024-11-01T07:08:19","date_gmt":"2024-11-01T07:08:19","guid":{"rendered":"https:\/\/atalantar.com\/?page_id=6"},"modified":"2025-09-12T09:12:29","modified_gmt":"2025-09-12T09:12:29","slug":"eventos-y-actividades-escaperoom-para-empresas-y-colectivos","status":"publish","type":"page","link":"https:\/\/atalantar.com\/","title":{"rendered":"Inicio"},"content":{"rendered":"<p>[et_pb_section fb_built=\u00bb1&#8243; admin_label=\u00bbHeader\u00bb _builder_version=\u00bb4.24.2&#8243; _module_preset=\u00bbdefault\u00bb use_background_color_gradient=\u00bbon\u00bb background_color_gradient_stops=\u00bbrgba(0,0,0,0.5) 0%|rgba(0,0,0,0.5) 100%\u00bb background_color_gradient_overlays_image=\u00bbon\u00bb background_image=\u00bbhttps:\/\/atalantar.com\/wp-content\/uploads\/2024\/11\/fine-dining-01.jpg\u00bb parallax=\u00bbon\u00bb custom_padding=\u00bb0vw||||false|false\u00bb collapsed=\u00bbon\u00bb global_colors_info=\u00bb{}\u00bb][et_pb_row _builder_version=\u00bb4.24.2&#8243; _module_preset=\u00bbdefault\u00bb width=\u00bb90%\u00bb max_width=\u00bbnone\u00bb global_colors_info=\u00bb{}\u00bb][et_pb_column type=\u00bb4_4&#8243; _builder_version=\u00bb4.24.1&#8243; _module_preset=\u00bbdefault\u00bb global_colors_info=\u00bb{}\u00bb][et_pb_image src=\u00bbhttps:\/\/atalantar.com\/wp-content\/uploads\/2024\/11\/fine-dining-illustration-1@2x.png\u00bb title_text=\u00bbfine-dining-illustration-1@2x\u00bb align=\u00bbcenter\u00bb _builder_version=\u00bb4.24.1&#8243; _module_preset=\u00bbdefault\u00bb max_width=\u00bb80px\u00bb max_height=\u00bb120px\u00bb custom_margin=\u00bb||10px||false|false\u00bb global_colors_info=\u00bb{}\u00bb][\/et_pb_image][et_pb_text _builder_version=\u00bb4.27.2&#8243; _module_preset=\u00bb33bb902d-c5ca-4799-938a-2ae821291ddf\u00bb header_text_color=\u00bb#FFFFFF\u00bb text_orientation=\u00bbcenter\u00bb custom_margin=\u00bb||10px||false|false\u00bb global_colors_info=\u00bb{}\u00bb]<\/p>\n<h1>ATALANTAR<\/h1>\n<p>[\/et_pb_text][et_pb_text quote_border_color=\u00bb#FFFFFF\u00bb _builder_version=\u00bb4.27.2&#8243; _module_preset=\u00bbe261bb84-0ab7-4b3c-aaee-a3698d6548ba\u00bb text_font=\u00bbArial|||on|||||\u00bb text_text_color=\u00bb#FFFFFF\u00bb link_text_color=\u00bb#FFFFFF\u00bb quote_text_color=\u00bb#FFFFFF\u00bb text_orientation=\u00bbcenter\u00bb max_width=\u00bb900px\u00bb module_alignment=\u00bbcenter\u00bb global_colors_info=\u00bb{}\u00bb]<\/p>\n<p>EVENTOS Y ACTIVIDADES ALREDEDOR DEL MUNDO GASTRON\u00d3MICO<\/p>\n<p>[\/et_pb_text][et_pb_button button_text=\u00bbVER NUESTROS EVENTOS Y ACTIVIDADES PARA EMPRESAS\u00bb button_alignment=\u00bbcenter\u00bb _builder_version=\u00bb4.27.2&#8243; _module_preset=\u00bbcd835c29-5eec-46ea-b763-36d79faf0e03&#8243; global_colors_info=\u00bb{}\u00bb][\/et_pb_button][\/et_pb_column][\/et_pb_row][\/et_pb_section][et_pb_section fb_built=\u00bb1&#8243; admin_label=\u00bbAbout\u00bb _builder_version=\u00bb4.27.2&#8243; _module_preset=\u00bbdefault\u00bb custom_padding=\u00bb5px||5px||true|false\u00bb collapsed=\u00bbon\u00bb global_colors_info=\u00bb{}\u00bb][et_pb_row _builder_version=\u00bb4.24.1&#8243; _module_preset=\u00bbdefault\u00bb custom_padding=\u00bb||12px|||\u00bb global_colors_info=\u00bb{}\u00bb][et_pb_column type=\u00bb4_4&#8243; _builder_version=\u00bb4.24.1&#8243; _module_preset=\u00bbdefault\u00bb global_colors_info=\u00bb{}\u00bb][et_pb_text _builder_version=\u00bb4.27.2&#8243; _module_preset=\u00bb984097e5-0c95-499f-964c-c119d6630a3f\u00bb global_colors_info=\u00bb{}\u00bb]<\/p>\n<h4>EMPRESAS O GRUPOS DE AMIGOS, LO ADAPTAMOS A TUS NECESIDADES<\/h4>\n<p>[\/et_pb_text][et_pb_text _builder_version=\u00bb4.24.1&#8243; _module_preset=\u00bb5ee4e09b-4455-4ae6-a59e-f29c23c0fbc7&#8243; global_colors_info=\u00bb{}\u00bb]<\/p>\n<h3>Nuestros Eventos y Actividades est\u00e1n dise\u00f1adas para generar trabajo en equipo y despertar los sentidos<\/h3>\n<p>[\/et_pb_text][\/et_pb_column][\/et_pb_row][\/et_pb_section][et_pb_section fb_built=\u00bb1&#8243; admin_label=\u00bbMenu\u00bb _builder_version=\u00bb4.27.2&#8243; _module_preset=\u00bbdefault\u00bb background_color=\u00bb#FFFFFF\u00bb custom_padding=\u00bb29px|10%|30px|10%|false|true\u00bb collapsed=\u00bbon\u00bb global_colors_info=\u00bb{}\u00bb][et_pb_row column_structure=\u00bb1_2,1_2&#8243; _builder_version=\u00bb4.27.2&#8243; _module_preset=\u00bbdefault\u00bb width=\u00bb100%\u00bb custom_margin=\u00bb|auto|-17px|auto||\u00bb custom_padding=\u00bb6px||14px|||\u00bb locked=\u00bboff\u00bb global_colors_info=\u00bb{}\u00bb][et_pb_column type=\u00bb1_2&#8243; _builder_version=\u00bb4.24.1&#8243; _module_preset=\u00bbdefault\u00bb global_colors_info=\u00bb{}\u00bb][et_pb_text _builder_version=\u00bb4.27.2&#8243; _module_preset=\u00bb5ee4e09b-4455-4ae6-a59e-f29c23c0fbc7&#8243; header_text_color=\u00bb#000000&#8243; header_3_font=\u00bbShippori Mincho||||on|||#000000|dashed\u00bb header_3_text_color=\u00bb#000000&#8243; custom_margin=\u00bb||10px||false|false\u00bb global_colors_info=\u00bb{}\u00bb]<\/p>\n<h3>Mundo A.O.V.E.<\/h3>\n<p>[\/et_pb_text][et_pb_text _builder_version=\u00bb4.27.4&#8243; _module_preset=\u00bbb7e785fc-21f3-4942-b910-2fdff2644fe5&#8243; text_text_color=\u00bb#000000&#8243; global_colors_info=\u00bb{}\u00bb]<\/p>\n<p>Catas de Aceite, visita tem\u00e1ticas, todo lo que quieras imaginar alrededor del Aceite de Oliva Virgen Extra.<\/p>\n<p>[\/et_pb_text][et_pb_image src=\u00bbhttps:\/\/atalantar.com\/wp-content\/uploads\/2024\/11\/EVENTO-DE-CATA-DE-ACEITES-OLIVA-EMPRESA_MERCEDES-BENZ_4.jpg\u00bb alt=\u00bbEVENTO-DE-CATA-DE-ACEITES-OLIVA-EMPRESA_MERCEDES-BENZ_4&#8243; title_text=\u00bbEVENTO-DE-CATA-DE-ACEITES-OLIVA-EMPRESA_MERCEDES-BENZ_4&#8243; _builder_version=\u00bb4.27.2&#8243; _module_preset=\u00bbdefault\u00bb global_colors_info=\u00bb{}\u00bb][\/et_pb_image][\/et_pb_column][et_pb_column type=\u00bb1_2&#8243; _builder_version=\u00bb4.24.1&#8243; _module_preset=\u00bbdefault\u00bb global_colors_info=\u00bb{}\u00bb][et_pb_text _builder_version=\u00bb4.27.2&#8243; _module_preset=\u00bb5ee4e09b-4455-4ae6-a59e-f29c23c0fbc7&#8243; header_text_color=\u00bb#000000&#8243; header_3_font=\u00bbShippori Mincho||||on|||#000000|dashed\u00bb header_3_text_color=\u00bb#000000&#8243; custom_margin=\u00bb||10px||false|false\u00bb global_colors_info=\u00bb{}\u00bb]<\/p>\n<h3>Mundo Chocolate<\/h3>\n<p>[\/et_pb_text][et_pb_text _builder_version=\u00bb4.27.2&#8243; _module_preset=\u00bbb7e785fc-21f3-4942-b910-2fdff2644fe5&#8243; text_text_color=\u00bb#000000&#8243; global_colors_info=\u00bb{}\u00bb]<\/p>\n<p>Cata y cultura alrededor del desconocido y apasionante mundo del Cacao y Chocolate<\/p>\n<p>[\/et_pb_text][et_pb_image src=\u00bbhttps:\/\/atalantar.com\/wp-content\/uploads\/2024\/12\/evento-de-empresa-cata-de-chocolate-nov-2024_2.jpg\u00bb alt=\u00bbevento-de-empresa-cata-de-chocolate-nov-2024_2&#8243; title_text=\u00bbevento-de-empresa-cata-de-chocolate-nov-2024_2&#8243; _builder_version=\u00bb4.27.4&#8243; _module_preset=\u00bbdefault\u00bb global_colors_info=\u00bb{}\u00bb][\/et_pb_image][\/et_pb_column][\/et_pb_row][\/et_pb_section][et_pb_section fb_built=\u00bb1&#8243; admin_label=\u00bbCall to Action\u00bb _builder_version=\u00bb4.27.4&#8243; _module_preset=\u00bbdefault\u00bb use_background_color_gradient=\u00bbon\u00bb background_color_gradient_type=\u00bbcircular\u00bb background_color_gradient_stops=\u00bbrgba(0,0,0,0.5) 0%|#000000 100%\u00bb background_color_gradient_overlays_image=\u00bbon\u00bb background_image=\u00bbhttps:\/\/atalantar.com\/wp-content\/uploads\/2025\/06\/escaperoom-el-robo-de-la-lampara-de-zeus_web.jpg\u00bb parallax=\u00bbon\u00bb custom_padding=\u00bb5.3%||5.3%||true|false\u00bb collapsed=\u00bbon\u00bb global_colors_info=\u00bb{}\u00bb][et_pb_row _builder_version=\u00bb4.24.1&#8243; _module_preset=\u00bbdefault\u00bb max_width=\u00bb800px\u00bb global_colors_info=\u00bb{}\u00bb][et_pb_column type=\u00bb4_4&#8243; _builder_version=\u00bb4.24.1&#8243; _module_preset=\u00bbdefault\u00bb global_colors_info=\u00bb{}\u00bb][et_pb_text _builder_version=\u00bb4.24.1&#8243; _module_preset=\u00bbf0cf2aba-05d1-41d2-9f20-287b1d43515f\u00bb header_2_text_color=\u00bb#FFFFFF\u00bb text_orientation=\u00bbcenter\u00bb global_colors_info=\u00bb{}\u00bb]<\/p>\n<h2>escaperoom tem\u00e1tico<\/h2>\n<p>[\/et_pb_text][et_pb_button button_text=\u00bbse puede instalar donde quer\u00e1is\u00bb button_alignment=\u00bbcenter\u00bb _builder_version=\u00bb4.27.4&#8243; _module_preset=\u00bbcd835c29-5eec-46ea-b763-36d79faf0e03&#8243; global_colors_info=\u00bb{}\u00bb][\/et_pb_button][\/et_pb_column][\/et_pb_row][\/et_pb_section][et_pb_section fb_built=\u00bb1&#8243; admin_label=\u00bbCall to Action\u00bb _builder_version=\u00bb4.27.2&#8243; _module_preset=\u00bbdefault\u00bb use_background_color_gradient=\u00bbon\u00bb background_color_gradient_type=\u00bbcircular\u00bb background_color_gradient_stops=\u00bbrgba(0,0,0,0.5) 0%|#000000 100%\u00bb background_color_gradient_overlays_image=\u00bbon\u00bb background_image=\u00bbhttps:\/\/atalantar.com\/wp-content\/uploads\/2024\/11\/fine-dining-03.jpg\u00bb parallax=\u00bbon\u00bb custom_padding=\u00bb8%||8%||true|false\u00bb collapsed=\u00bbon\u00bb global_colors_info=\u00bb{}\u00bb][et_pb_row _builder_version=\u00bb4.24.1&#8243; _module_preset=\u00bbdefault\u00bb max_width=\u00bb800px\u00bb global_colors_info=\u00bb{}\u00bb][et_pb_column type=\u00bb4_4&#8243; _builder_version=\u00bb4.24.1&#8243; _module_preset=\u00bbdefault\u00bb global_colors_info=\u00bb{}\u00bb][et_pb_text _builder_version=\u00bb4.24.1&#8243; _module_preset=\u00bbf0cf2aba-05d1-41d2-9f20-287b1d43515f\u00bb header_2_text_color=\u00bb#FFFFFF\u00bb text_orientation=\u00bbcenter\u00bb global_colors_info=\u00bb{}\u00bb]<\/p>\n<h2>Un concepto diferente de evento para empresas<\/h2>\n<p>[\/et_pb_text][et_pb_button button_text=\u00bbY TAMBI\u00c9N PARA PARTICULARES\u00bb button_alignment=\u00bbcenter\u00bb _builder_version=\u00bb4.27.2&#8243; _module_preset=\u00bbcd835c29-5eec-46ea-b763-36d79faf0e03&#8243; global_colors_info=\u00bb{}\u00bb][\/et_pb_button][\/et_pb_column][\/et_pb_row][\/et_pb_section][et_pb_section fb_built=\u00bb1&#8243; admin_label=\u00bbFooter\u00bb _builder_version=\u00bb4.27.2&#8243; _module_preset=\u00bbdefault\u00bb background_color=\u00bb#000000&#8243; custom_padding=\u00bb27px||8px||false|false\u00bb saved_tabs=\u00bball\u00bb locked=\u00bboff\u00bb collapsed=\u00bbon\u00bb global_colors_info=\u00bb{}\u00bb][et_pb_row column_structure=\u00bb1_3,1_3,1_3&#8243; _builder_version=\u00bb4.24.2&#8243; _module_preset=\u00bbdefault\u00bb width=\u00bb90%\u00bb max_width=\u00bbnone\u00bb custom_padding=\u00bb||0px|||\u00bb global_colors_info=\u00bb{}\u00bb][et_pb_column type=\u00bb1_3&#8243; _builder_version=\u00bb4.24.1&#8243; _module_preset=\u00bbdefault\u00bb global_colors_info=\u00bb{}\u00bb][et_pb_text _builder_version=\u00bb4.24.1&#8243; _module_preset=\u00bb8fd988f5-1360-4cab-8022-4239a112ddb8&#8243; header_4_text_color=\u00bb#FFFFFF\u00bb custom_margin=\u00bb||10px||false|false\u00bb text_orientation_tablet=\u00bbcenter\u00bb text_orientation_phone=\u00bbcenter\u00bb text_orientation_last_edited=\u00bbon|tablet\u00bb global_colors_info=\u00bb{}\u00bb]<\/p>\n<h4>ATALANTAR<\/h4>\n<p>[\/et_pb_text][\/et_pb_column][et_pb_column type=\u00bb1_3&#8243; _builder_version=\u00bb4.24.1&#8243; _module_preset=\u00bbdefault\u00bb global_colors_info=\u00bb{}\u00bb][et_pb_text _builder_version=\u00bb4.27.4&#8243; _module_preset=\u00bbbf5b838b-2218-4c08-96e3-7402aff66761&#8243; header_5_text_color=\u00bb#FFFFFF\u00bb text_orientation=\u00bbcenter\u00bb hover_enabled=\u00bb0&#8243; global_colors_info=\u00bb{}\u00bb sticky_enabled=\u00bb0&#8243;]<\/p>\n<h5 style=\"text-align: center;\">MADRID<br \/>TF 666300039<\/h5>\n<p>[\/et_pb_text][\/et_pb_column][et_pb_column type=\u00bb1_3&#8243; _builder_version=\u00bb4.24.1&#8243; _module_preset=\u00bbdefault\u00bb global_colors_info=\u00bb{}\u00bb][et_pb_text _builder_version=\u00bb4.27.2&#8243; _module_preset=\u00bbbf5b838b-2218-4c08-96e3-7402aff66761&#8243; link_font=\u00bb||||on||||\u00bb header_5_text_color=\u00bb#FFFFFF\u00bb text_orientation=\u00bbright\u00bb custom_margin=\u00bb||10px||false|false\u00bb text_orientation_tablet=\u00bbcenter\u00bb text_orientation_phone=\u00bbcenter\u00bb text_orientation_last_edited=\u00bbon|tablet\u00bb locked=\u00bboff\u00bb global_colors_info=\u00bb{}\u00bb]<\/p>\n<h5>INFO@ATALANTAR.COM<\/h5>\n<p>[\/et_pb_text][\/et_pb_column][\/et_pb_row][\/et_pb_section]<\/p>\n","protected":false},"excerpt":{"rendered":"<p>ATALANTAREVENTOS Y ACTIVIDADES ALREDEDOR DEL MUNDO GASTRON\u00d3MICOEMPRESAS O GRUPOS DE AMIGOS, LO ADAPTAMOS A TUS NECESIDADESNuestros Eventos y Actividades est\u00e1n dise\u00f1adas para generar trabajo en equipo y despertar los sentidosMundo A.O.V.E.Catas de Aceite, visita tem\u00e1ticas, todo lo que quieras imaginar alrededor del Aceite de Oliva Virgen Extra.Mundo ChocolateCata y cultura alrededor del desconocido y apasionante [&hellip;]<\/p>\n","protected":false},"author":1,"featured_media":0,"parent":0,"menu_order":0,"comment_status":"closed","ping_status":"closed","template":"","meta":{"_et_pb_use_builder":"on","_et_pb_old_content":"","_et_gb_content_width":"","footnotes":""},"class_list":["post-6","page","type-page","status-publish","hentry"],"yoast_head":"<!-- This site is optimized with the Yoast SEO plugin v27.3 - https:\/\/yoast.com\/product\/yoast-seo-wordpress\/ -->\n<title>Inicio - Atalantar. Eventos, , escaperoom y actividades para empresas alrededor de los aceites de oliva y el chocolate<\/title>\n<meta name=\"description\" content=\"Dise\u00f1amos eventos, cursos, escaperoom alrededor de los Aceites de oliva, del chocolate o del vino tanto para empresas, colectivos, colegios o particulares en Madrid\" \/>\n<meta name=\"robots\" content=\"index, follow, max-snippet:-1, max-image-preview:large, max-video-preview:-1\" \/>\n<link rel=\"canonical\" href=\"https:\/\/atalantar.com\/\" \/>\n<meta property=\"og:locale\" content=\"es_ES\" \/>\n<meta property=\"og:type\" content=\"article\" \/>\n<meta property=\"og:title\" content=\"Inicio - Atalantar. Eventos, , escaperoom y actividades para empresas alrededor de los aceites de oliva y el chocolate\" \/>\n<meta property=\"og:description\" content=\"Dise\u00f1amos eventos, cursos, escaperoom alrededor de los Aceites de oliva, del chocolate o del vino tanto para empresas, colectivos, colegios o particulares en Madrid\" \/>\n<meta property=\"og:url\" content=\"https:\/\/atalantar.com\/\" \/>\n<meta property=\"og:site_name\" content=\"Atalantar. Eventos, , escaperoom y actividades para empresas alrededor de los aceites de oliva y el chocolate\" \/>\n<meta property=\"article:publisher\" content=\"https:\/\/www.facebook.com\/escuelaeuropeadecata\" \/>\n<meta property=\"article:modified_time\" content=\"2025-09-12T09:12:29+00:00\" \/>\n<meta name=\"twitter:card\" content=\"summary_large_image\" \/>\n<meta name=\"twitter:label1\" content=\"Tiempo de lectura\" \/>\n\t<meta name=\"twitter:data1\" content=\"2 minutos\" \/>\n<script type=\"application\/ld+json\" class=\"yoast-schema-graph\">{\"@context\":\"https:\\\/\\\/schema.org\",\"@graph\":[{\"@type\":\"WebPage\",\"@id\":\"https:\\\/\\\/atalantar.com\\\/\",\"url\":\"https:\\\/\\\/atalantar.com\\\/\",\"name\":\"Inicio - Atalantar. Eventos, , escaperoom y actividades para empresas alrededor de los aceites de oliva y el chocolate\",\"isPartOf\":{\"@id\":\"https:\\\/\\\/atalantar.com\\\/#website\"},\"datePublished\":\"2024-11-01T07:08:19+00:00\",\"dateModified\":\"2025-09-12T09:12:29+00:00\",\"description\":\"Dise\u00f1amos eventos, cursos, escaperoom alrededor de los Aceites de oliva, del chocolate o del vino tanto para empresas, colectivos, colegios o particulares en Madrid\",\"breadcrumb\":{\"@id\":\"https:\\\/\\\/atalantar.com\\\/#breadcrumb\"},\"inLanguage\":\"es\",\"potentialAction\":[{\"@type\":\"ReadAction\",\"target\":[\"https:\\\/\\\/atalantar.com\\\/\"]}]},{\"@type\":\"BreadcrumbList\",\"@id\":\"https:\\\/\\\/atalantar.com\\\/#breadcrumb\",\"itemListElement\":[{\"@type\":\"ListItem\",\"position\":1,\"name\":\"Portada\",\"item\":\"https:\\\/\\\/atalantar.com\\\/\"},{\"@type\":\"ListItem\",\"position\":2,\"name\":\"Inicio\"}]},{\"@type\":\"WebSite\",\"@id\":\"https:\\\/\\\/atalantar.com\\\/#website\",\"url\":\"https:\\\/\\\/atalantar.com\\\/\",\"name\":\"Atalantar. Eventos, cursos y actividades para empresas\",\"description\":\"Eventos para empresas y colectividades. Team Building\",\"publisher\":{\"@id\":\"https:\\\/\\\/atalantar.com\\\/#organization\"},\"potentialAction\":[{\"@type\":\"SearchAction\",\"target\":{\"@type\":\"EntryPoint\",\"urlTemplate\":\"https:\\\/\\\/atalantar.com\\\/?s={search_term_string}\"},\"query-input\":{\"@type\":\"PropertyValueSpecification\",\"valueRequired\":true,\"valueName\":\"search_term_string\"}}],\"inLanguage\":\"es\"},{\"@type\":\"Organization\",\"@id\":\"https:\\\/\\\/atalantar.com\\\/#organization\",\"name\":\"Atalantar. Eventos, cursos y actividades para empresas\",\"url\":\"https:\\\/\\\/atalantar.com\\\/\",\"logo\":{\"@type\":\"ImageObject\",\"inLanguage\":\"es\",\"@id\":\"https:\\\/\\\/atalantar.com\\\/#\\\/schema\\\/logo\\\/image\\\/\",\"url\":\"https:\\\/\\\/atalantar.com\\\/wp-content\\\/uploads\\\/2024\\\/11\\\/LOGO-ATALANTAR-2024.jpg\",\"contentUrl\":\"https:\\\/\\\/atalantar.com\\\/wp-content\\\/uploads\\\/2024\\\/11\\\/LOGO-ATALANTAR-2024.jpg\",\"width\":754,\"height\":126,\"caption\":\"Atalantar. Eventos, cursos y actividades para empresas\"},\"image\":{\"@id\":\"https:\\\/\\\/atalantar.com\\\/#\\\/schema\\\/logo\\\/image\\\/\"},\"sameAs\":[\"https:\\\/\\\/www.facebook.com\\\/escuelaeuropeadecata\"]}]}<\/script>\n<!-- \/ Yoast SEO plugin. -->","yoast_head_json":{"title":"Inicio - Atalantar. Eventos, , escaperoom y actividades para empresas alrededor de los aceites de oliva y el chocolate","description":"Dise\u00f1amos eventos, cursos, escaperoom alrededor de los Aceites de oliva, del chocolate o del vino tanto para empresas, colectivos, colegios o particulares en Madrid","robots":{"index":"index","follow":"follow","max-snippet":"max-snippet:-1","max-image-preview":"max-image-preview:large","max-video-preview":"max-video-preview:-1"},"canonical":"https:\/\/atalantar.com\/","og_locale":"es_ES","og_type":"article","og_title":"Inicio - Atalantar. Eventos, , escaperoom y actividades para empresas alrededor de los aceites de oliva y el chocolate","og_description":"Dise\u00f1amos eventos, cursos, escaperoom alrededor de los Aceites de oliva, del chocolate o del vino tanto para empresas, colectivos, colegios o particulares en Madrid","og_url":"https:\/\/atalantar.com\/","og_site_name":"Atalantar. Eventos, , escaperoom y actividades para empresas alrededor de los aceites de oliva y el chocolate","article_publisher":"https:\/\/www.facebook.com\/escuelaeuropeadecata","article_modified_time":"2025-09-12T09:12:29+00:00","twitter_card":"summary_large_image","twitter_misc":{"Tiempo de lectura":"2 minutos"},"schema":{"@context":"https:\/\/schema.org","@graph":[{"@type":"WebPage","@id":"https:\/\/atalantar.com\/","url":"https:\/\/atalantar.com\/","name":"Inicio - Atalantar. Eventos, , escaperoom y actividades para empresas alrededor de los aceites de oliva y el chocolate","isPartOf":{"@id":"https:\/\/atalantar.com\/#website"},"datePublished":"2024-11-01T07:08:19+00:00","dateModified":"2025-09-12T09:12:29+00:00","description":"Dise\u00f1amos eventos, cursos, escaperoom alrededor de los Aceites de oliva, del chocolate o del vino tanto para empresas, colectivos, colegios o particulares en Madrid","breadcrumb":{"@id":"https:\/\/atalantar.com\/#breadcrumb"},"inLanguage":"es","potentialAction":[{"@type":"ReadAction","target":["https:\/\/atalantar.com\/"]}]},{"@type":"BreadcrumbList","@id":"https:\/\/atalantar.com\/#breadcrumb","itemListElement":[{"@type":"ListItem","position":1,"name":"Portada","item":"https:\/\/atalantar.com\/"},{"@type":"ListItem","position":2,"name":"Inicio"}]},{"@type":"WebSite","@id":"https:\/\/atalantar.com\/#website","url":"https:\/\/atalantar.com\/","name":"Atalantar. Eventos, cursos y actividades para empresas","description":"Eventos para empresas y colectividades. Team Building","publisher":{"@id":"https:\/\/atalantar.com\/#organization"},"potentialAction":[{"@type":"SearchAction","target":{"@type":"EntryPoint","urlTemplate":"https:\/\/atalantar.com\/?s={search_term_string}"},"query-input":{"@type":"PropertyValueSpecification","valueRequired":true,"valueName":"search_term_string"}}],"inLanguage":"es"},{"@type":"Organization","@id":"https:\/\/atalantar.com\/#organization","name":"Atalantar. Eventos, cursos y actividades para empresas","url":"https:\/\/atalantar.com\/","logo":{"@type":"ImageObject","inLanguage":"es","@id":"https:\/\/atalantar.com\/#\/schema\/logo\/image\/","url":"https:\/\/atalantar.com\/wp-content\/uploads\/2024\/11\/LOGO-ATALANTAR-2024.jpg","contentUrl":"https:\/\/atalantar.com\/wp-content\/uploads\/2024\/11\/LOGO-ATALANTAR-2024.jpg","width":754,"height":126,"caption":"Atalantar. Eventos, cursos y actividades para empresas"},"image":{"@id":"https:\/\/atalantar.com\/#\/schema\/logo\/image\/"},"sameAs":["https:\/\/www.facebook.com\/escuelaeuropeadecata"]}]}},"_links":{"self":[{"href":"https:\/\/atalantar.com\/index.php\/wp-json\/wp\/v2\/pages\/6","targetHints":{"allow":["GET"]}}],"collection":[{"href":"https:\/\/atalantar.com\/index.php\/wp-json\/wp\/v2\/pages"}],"about":[{"href":"https:\/\/atalantar.com\/index.php\/wp-json\/wp\/v2\/types\/page"}],"author":[{"embeddable":true,"href":"https:\/\/atalantar.com\/index.php\/wp-json\/wp\/v2\/users\/1"}],"replies":[{"embeddable":true,"href":"https:\/\/atalantar.com\/index.php\/wp-json\/wp\/v2\/comments?post=6"}],"version-history":[{"count":13,"href":"https:\/\/atalantar.com\/index.php\/wp-json\/wp\/v2\/pages\/6\/revisions"}],"predecessor-version":[{"id":98,"href":"https:\/\/atalantar.com\/index.php\/wp-json\/wp\/v2\/pages\/6\/revisions\/98"}],"wp:attachment":[{"href":"https:\/\/atalantar.com\/index.php\/wp-json\/wp\/v2\/media?parent=6"}],"curies":[{"name":"wp","href":"https:\/\/api.w.org\/{rel}","templated":true}]}}